{"id":133,"date":"2019-12-16T12:01:21","date_gmt":"2019-12-16T11:01:21","guid":{"rendered":"http:\/\/mrvt.ch\/?page_id=133"},"modified":"2019-12-16T12:01:21","modified_gmt":"2019-12-16T11:01:21","slug":"accueil-de","status":"publish","type":"page","link":"https:\/\/mrvt.ch\/de\/accueil-de\/","title":{"rendered":"Accueil (DE)"},"content":{"rendered":"\n<p>Site en construction, revenez bient\u00f4t !<\/p>\n","protected":false},"excerpt":{"rendered":"<p>Site en construction, revenez bient\u00f4t !<\/p>\n","protected":false},"author":2,"featured_media":0,"parent":0,"menu_order":0,"comment_status":"closed","ping_status":"open","template":"","meta":{"_acf_changed":false,"footnotes":""},"class_list":["post-133","page","type-page","status-publish","hentry"],"acf":[],"yoast_head":"<!-- This site is optimized with the Yoast SEO plugin v26.0 - https:\/\/yoast.com\/wordpress\/plugins\/seo\/ -->\n<title>Accueil (DE) - Mus\u00e9e r\u00e9gional du Val-de-Travers<\/title>\n<meta name=\"robots\" content=\"index, follow, max-snippet:-1, max-image-preview:large, max-video-preview:-1\" \/>\n<link rel=\"canonical\" href=\"https:\/\/mrvt.ch\/de\/accueil-de\/\" \/>\n<meta property=\"og:locale\" content=\"de_DE\" \/>\n<meta property=\"og:type\" content=\"article\" \/>\n<meta property=\"og:title\" content=\"Accueil (DE) - Mus\u00e9e r\u00e9gional du Val-de-Travers\" \/>\n<meta property=\"og:description\" content=\"Site en construction, revenez bient\u00f4t !\" \/>\n<meta property=\"og:url\" content=\"https:\/\/mrvt.ch\/de\/accueil-de\/\" \/>\n<meta property=\"og:site_name\" content=\"Mus\u00e9e r\u00e9gional du Val-de-Travers\" \/>\n<meta name=\"twitter:card\" content=\"summary_large_image\" \/>\n<script type=\"application\/ld+json\" class=\"yoast-schema-graph\">{\"@context\":\"https:\/\/schema.org\",\"@graph\":[{\"@type\":\"WebPage\",\"@id\":\"https:\/\/mrvt.ch\/de\/accueil-de\/\",\"url\":\"https:\/\/mrvt.ch\/de\/accueil-de\/\",\"name\":\"Accueil (DE) - Mus\u00e9e r\u00e9gional du Val-de-Travers\",\"isPartOf\":{\"@id\":\"https:\/\/mrvt.ch\/de\/#website\"},\"datePublished\":\"2019-12-16T11:01:21+00:00\",\"breadcrumb\":{\"@id\":\"https:\/\/mrvt.ch\/de\/accueil-de\/#breadcrumb\"},\"inLanguage\":\"de\",\"potentialAction\":[{\"@type\":\"ReadAction\",\"target\":[\"https:\/\/mrvt.ch\/de\/accueil-de\/\"]}]},{\"@type\":\"BreadcrumbList\",\"@id\":\"https:\/\/mrvt.ch\/de\/accueil-de\/#breadcrumb\",\"itemListElement\":[{\"@type\":\"ListItem\",\"position\":1,\"name\":\"Accueil\",\"item\":\"https:\/\/mrvt.ch\/de\/\"},{\"@type\":\"ListItem\",\"position\":2,\"name\":\"Accueil (DE)\"}]},{\"@type\":\"WebSite\",\"@id\":\"https:\/\/mrvt.ch\/de\/#website\",\"url\":\"https:\/\/mrvt.ch\/de\/\",\"name\":\"Mus\u00e9e r\u00e9gional du Val-de-Travers\",\"description\":\"\",\"potentialAction\":[{\"@type\":\"SearchAction\",\"target\":{\"@type\":\"EntryPoint\",\"urlTemplate\":\"https:\/\/mrvt.ch\/de\/?s={search_term_string}\"},\"query-input\":{\"@type\":\"PropertyValueSpecification\",\"valueRequired\":true,\"valueName\":\"search_term_string\"}}],\"inLanguage\":\"de\"}]}<\/script>\n<!-- \/ Yoast SEO plugin. -->","yoast_head_json":{"title":"Accueil (DE) - Mus\u00e9e r\u00e9gional du Val-de-Travers","robots":{"index":"index","follow":"follow","max-snippet":"max-snippet:-1","max-image-preview":"max-image-preview:large","max-video-preview":"max-video-preview:-1"},"canonical":"https:\/\/mrvt.ch\/de\/accueil-de\/","og_locale":"de_DE","og_type":"article","og_title":"Accueil (DE) - Mus\u00e9e r\u00e9gional du Val-de-Travers","og_description":"Site en construction, revenez bient\u00f4t !","og_url":"https:\/\/mrvt.ch\/de\/accueil-de\/","og_site_name":"Mus\u00e9e r\u00e9gional du Val-de-Travers","twitter_card":"summary_large_image","schema":{"@context":"https:\/\/schema.org","@graph":[{"@type":"WebPage","@id":"https:\/\/mrvt.ch\/de\/accueil-de\/","url":"https:\/\/mrvt.ch\/de\/accueil-de\/","name":"Accueil (DE) - Mus\u00e9e r\u00e9gional du Val-de-Travers","isPartOf":{"@id":"https:\/\/mrvt.ch\/de\/#website"},"datePublished":"2019-12-16T11:01:21+00:00","breadcrumb":{"@id":"https:\/\/mrvt.ch\/de\/accueil-de\/#breadcrumb"},"inLanguage":"de","potentialAction":[{"@type":"ReadAction","target":["https:\/\/mrvt.ch\/de\/accueil-de\/"]}]},{"@type":"BreadcrumbList","@id":"https:\/\/mrvt.ch\/de\/accueil-de\/#breadcrumb","itemListElement":[{"@type":"ListItem","position":1,"name":"Accueil","item":"https:\/\/mrvt.ch\/de\/"},{"@type":"ListItem","position":2,"name":"Accueil (DE)"}]},{"@type":"WebSite","@id":"https:\/\/mrvt.ch\/de\/#website","url":"https:\/\/mrvt.ch\/de\/","name":"Mus\u00e9e r\u00e9gional du Val-de-Travers","description":"","potentialAction":[{"@type":"SearchAction","target":{"@type":"EntryPoint","urlTemplate":"https:\/\/mrvt.ch\/de\/?s={search_term_string}"},"query-input":{"@type":"PropertyValueSpecification","valueRequired":true,"valueName":"search_term_string"}}],"inLanguage":"de"}]}},"_links":{"self":[{"href":"https:\/\/mrvt.ch\/de\/wp-json\/wp\/v2\/pages\/133","targetHints":{"allow":["GET"]}}],"collection":[{"href":"https:\/\/mrvt.ch\/de\/wp-json\/wp\/v2\/pages"}],"about":[{"href":"https:\/\/mrvt.ch\/de\/wp-json\/wp\/v2\/types\/page"}],"author":[{"embeddable":true,"href":"https:\/\/mrvt.ch\/de\/wp-json\/wp\/v2\/users\/2"}],"replies":[{"embeddable":true,"href":"https:\/\/mrvt.ch\/de\/wp-json\/wp\/v2\/comments?post=133"}],"version-history":[{"count":1,"href":"https:\/\/mrvt.ch\/de\/wp-json\/wp\/v2\/pages\/133\/revisions"}],"predecessor-version":[{"id":134,"href":"https:\/\/mrvt.ch\/de\/wp-json\/wp\/v2\/pages\/133\/revisions\/134"}],"wp:attachment":[{"href":"https:\/\/mrvt.ch\/de\/wp-json\/wp\/v2\/media?parent=133"}],"curies":[{"name":"wp","href":"https:\/\/api.w.org\/{rel}","templated":true}]}}